{"id":28,"date":"2016-08-12T19:59:35","date_gmt":"2016-08-12T19:59:35","guid":{"rendered":"https:\/\/www.bhinfo.com.mx\/cursos\/?page_id=28"},"modified":"2026-03-27T17:38:59","modified_gmt":"2026-03-27T23:38:59","slug":"bienvenida","status":"publish","type":"page","link":"https:\/\/www.bhinfo.com.mx\/cursos\/","title":{"rendered":"Bienvenidos"},"content":{"rendered":"\n<hr \/>\n<div class=\"su-box su-box-style-soft\" id=\"\" style=\"border-color:#c33400;border-radius:10px;\"><div class=\"su-box-title\" style=\"background-color:#f66710;color:#FFFFFF;border-top-left-radius:8px;border-top-right-radius:8px\">Misi\u00f3n<\/div><div class=\"su-box-content su-u-clearfix su-u-trim\" style=\"border-bottom-left-radius:8px;border-bottom-right-radius:8px\"><strong>\u00abDocumentar procesos y actividades en el \u00e1rea Tecnolog\u00eda\u00a0de la Informaci\u00f3n, crear pol\u00edticas y est\u00e1ndares que nos ayuden a una mejora continua para ofrecer servicios de calidad dentro del Grupo Batta\u00bb.<\/strong><\/div><\/div>\n<p style=\"text-align: left;\"><div class=\"su-box su-box-style-soft\" id=\"\" style=\"border-color:#c33400;border-radius:10px;\"><div class=\"su-box-title\" style=\"background-color:#f66710;color:#FFFFFF;border-top-left-radius:8px;border-top-right-radius:8px\">Visi\u00f3n<\/div><div class=\"su-box-content su-u-clearfix su-u-trim\" style=\"border-bottom-left-radius:8px;border-bottom-right-radius:8px\"><strong>\u00abConstruir el \u00e1rbol del conocimiento\u00a0para ofrecer informaci\u00f3n al departamento de Tecnolog\u00eda\u00a0de la Informaci\u00f3n , que facilite la exacta implementaci\u00f3n de tecnolog\u00edas\u00a0de vanguardia. Y que de manera global sea un sitio de informaci\u00f3n\u00a0actualizada y de r\u00e1pido\u00a0acceso\u00bb.<\/strong><\/div><\/div>\n<div class=\"su-box su-box-style-soft\" id=\"\" style=\"border-color:#000005;border-radius:3px;\"><div class=\"su-box-title\" style=\"background-color:#272f38;color:#FFFFFF;border-top-left-radius:1px;border-top-right-radius:1px\">Infraestructura GRUPO BATTA<\/div><div class=\"su-box-content su-u-clearfix su-u-trim\" style=\"border-bottom-left-radius:1px;border-bottom-right-radius:1px\">\n<a href=\"https:\/\/www.bhinfo.com.mx\/cursos\/wp-content\/uploads\/2018\/05\/sshot-2018-05-25-13-35-29.jpg\"><img loading=\"lazy\" decoding=\"async\" class=\"aligncenter size-large wp-image-5859\" src=\"https:\/\/www.bhinfo.com.mx\/cursos\/wp-content\/uploads\/2018\/05\/sshot-2018-05-25-13-35-29-1024x375.jpg\" alt=\"\" width=\"788\" height=\"289\" srcset=\"https:\/\/www.bhinfo.com.mx\/cursos\/wp-content\/uploads\/2018\/05\/sshot-2018-05-25-13-35-29-1024x375.jpg 1024w, https:\/\/www.bhinfo.com.mx\/cursos\/wp-content\/uploads\/2018\/05\/sshot-2018-05-25-13-35-29-300x110.jpg 300w, https:\/\/www.bhinfo.com.mx\/cursos\/wp-content\/uploads\/2018\/05\/sshot-2018-05-25-13-35-29-768x281.jpg 768w, https:\/\/www.bhinfo.com.mx\/cursos\/wp-content\/uploads\/2018\/05\/sshot-2018-05-25-13-35-29-600x220.jpg 600w, https:\/\/www.bhinfo.com.mx\/cursos\/wp-content\/uploads\/2018\/05\/sshot-2018-05-25-13-35-29-788x289.jpg 788w, https:\/\/www.bhinfo.com.mx\/cursos\/wp-content\/uploads\/2018\/05\/sshot-2018-05-25-13-35-29.jpg 1804w\" sizes=\"auto, (max-width: 788px) 100vw, 788px\" \/><\/a><\/p>\n\n<\/div><\/div>\n","protected":false},"excerpt":{"rendered":"","protected":false},"author":1,"featured_media":0,"parent":0,"menu_order":0,"comment_status":"closed","ping_status":"closed","template":"","meta":{"_acf_changed":false,"footnotes":""},"class_list":["post-28","page","type-page","status-publish","hentry"],"acf":[],"_links":{"self":[{"href":"https:\/\/www.bhinfo.com.mx\/cursos\/wp-json\/wp\/v2\/pages\/28","targetHints":{"allow":["GET"]}}],"collection":[{"href":"https:\/\/www.bhinfo.com.mx\/cursos\/wp-json\/wp\/v2\/pages"}],"about":[{"href":"https:\/\/www.bhinfo.com.mx\/cursos\/wp-json\/wp\/v2\/types\/page"}],"author":[{"embeddable":true,"href":"https:\/\/www.bhinfo.com.mx\/cursos\/wp-json\/wp\/v2\/users\/1"}],"replies":[{"embeddable":true,"href":"https:\/\/www.bhinfo.com.mx\/cursos\/wp-json\/wp\/v2\/comments?post=28"}],"version-history":[{"count":154,"href":"https:\/\/www.bhinfo.com.mx\/cursos\/wp-json\/wp\/v2\/pages\/28\/revisions"}],"predecessor-version":[{"id":14161,"href":"https:\/\/www.bhinfo.com.mx\/cursos\/wp-json\/wp\/v2\/pages\/28\/revisions\/14161"}],"wp:attachment":[{"href":"https:\/\/www.bhinfo.com.mx\/cursos\/wp-json\/wp\/v2\/media?parent=28"}],"curies":[{"name":"wp","href":"https:\/\/api.w.org\/{rel}","templated":true}]}}